{"id":1272,"date":"2018-08-17T11:58:38","date_gmt":"2018-08-17T11:58:38","guid":{"rendered":"http:\/\/test.mk\/brainobrain\/?page_id=1272"},"modified":"2024-03-06T10:47:08","modified_gmt":"2024-03-06T10:47:08","slug":"%d0%bf%d1%80%d0%be%d0%b3%d1%80%d0%b0%d0%bc%d0%b0-brainobrain","status":"publish","type":"page","link":"https:\/\/brainobrain.com.mk\/sq\/%d0%bf%d1%80%d0%be%d0%b3%d1%80%d0%b0%d0%bc%d0%b0-brainobrain\/","title":{"rendered":"PROGRAMI"},"content":{"rendered":"<p><div class=\"fusion-fullwidth fullwidth-box fusion-builder-row-1 fusion-parallax-none nonhundred-percent-fullwidth non-hundred-percent-height-scrolling\" style=\"background-color: rgba(31,122,46,0);background-image: url(&quot;http:\/\/brainobrain.com.mk\/wp-content\/uploads\/2018\/08\/blog-1-features.jpg&quot;);background-position: left center;background-repeat: no-repeat;padding-top:200px;padding-right:0px;padding-bottom:200px;padding-left:0px;margin-bottom: 0px;margin-top: 0px;border-width: 0px 0px 0px 0px;border-color:#eae9e9;border-style:solid;-webkit-background-size:cover;-moz-background-size:cover;-o-background-size:cover;background-size:cover;\" ><div class=\"fusion-builder-row fusion-row\"><\/div><\/div><div class=\"fusion-fullwidth fullwidth-box fusion-builder-row-2 nonhundred-percent-fullwidth non-hundred-percent-height-scrolling\" style=\"background-color: rgba(255,255,255,0);background-position: center center;background-repeat: no-repeat;padding-top:0px;padding-right:0px;padding-bottom:0px;padding-left:0px;margin-bottom: 0px;margin-top: 0px;border-width: 0px 0px 0px 0px;border-color:#eae9e9;border-style:solid;\" ><div class=\"fusion-builder-row fusion-row\"><div class=\"fusion-layout-column fusion_builder_column fusion-builder-column-0 fusion_builder_column_1_1 1_1 fusion-one-full fusion-column-first fusion-column-last\" style=\"margin-top:0px;margin-bottom:50px;\"><div class=\"fusion-column-wrapper fusion-flex-column-wrapper-legacy\" style=\"background-position:left top;background-repeat:no-repeat;-webkit-background-size:cover;-moz-background-size:cover;-o-background-size:cover;background-size:cover;padding: 0px 0px 0px 0px;\"><div class=\"fusion-text fusion-text-1\" style=\"transform:translate3d(0,0,0);\"><div class=\"page-header\">\n<h1>Programi Brainobrain<\/h1>\n<\/div>\n<div class=\"entry-header\"><\/div>\n<div style=\"text-align: justify;\">\n<p>Baza e BRAINOBRAIN programit jan\u00eb aritmetika mentale e Abakusit, VAK Metoda e m\u00ebsimit dhe NLP-ja (Programimi neuro-liguistik).<\/p>\n<p>Mbi baz\u00eb t\u00eb studimeve shum\u00ebvje\u00e7are nga institucione dhe agjenci t\u00eb ndryshme t\u00eb cilat merren me studimin e trurit t\u00eb njeriut, \u00ebsht\u00eb v\u00ebrtetuar se truri i f\u00ebmij\u00ebve zhvillohet m\u00eb shpjet dhe m\u00eb efikas n\u00eb periudh\u00ebn prej mosh\u00ebs 4-vje\u00e7are deri n\u00eb 14-vje\u00e7are. N\u00eb at\u00eb periudh\u00eb, truri i f\u00ebmij\u00ebs i p\u00ebrfiton dhe i p\u00ebrpunon informatat leht\u00eb dhe prandaj \u00ebsht\u00eb e r\u00ebnd\u00ebsishme q\u00eb t\u00eb fillohet me ushtrime mentale, n\u00ebse mundet prej mosh\u00ebs m\u00eb t\u00eb her\u00ebt dhe t\u00eb nj\u00ebjtat t\u00eb zbatohen sa m\u00eb shpesh. Programi BRAINOBRAIN u lejon f\u00ebmij\u00ebve q\u00eb t\u2019i p\u00ebrdorin nj\u00ebkoh\u00ebsisht hemisfer\u00ebn e majt\u00eb dhe e djath\u00eb t\u00eb trurit.<\/p>\n<\/div>\n<\/div><div class=\"fusion-clearfix\"><\/div><\/div><\/div><div class=\"fusion-layout-column fusion_builder_column fusion-builder-column-1 fusion_builder_column_1_1 1_1 fusion-one-full fusion-column-first fusion-column-last\" style=\"margin-top:0px;margin-bottom:50px;\"><div class=\"fusion-column-wrapper fusion-flex-column-wrapper-legacy\" style=\"background-image: url(&#039;http:\/\/test.mk\/brainobrain\/wp-content\/uploads\/2018\/08\/bg_section_1.jpg&#039;);background-position:left top;background-repeat:no-repeat;-webkit-background-size:cover;-moz-background-size:cover;-o-background-size:cover;background-size:cover;padding: 0px 0px 0px 0px;\" data-bg-url=\"http:\/\/test.mk\/brainobrain\/wp-content\/uploads\/2018\/08\/bg_section_1.jpg\"><span class=\" fusion-imageframe imageframe-none imageframe-1 hover-type-zoomin\"><img decoding=\"async\" width=\"1143\" height=\"584\" title=\"brainobrain_alb[796]\" src=\"http:\/\/brainobrain.com.mk\/wp-content\/uploads\/2018\/10\/brainobrain_alb796.jpg\" class=\"img-responsive wp-image-1937\" srcset=\"https:\/\/brainobrain.com.mk\/wp-content\/uploads\/2018\/10\/brainobrain_alb796-200x102.jpg 200w, https:\/\/brainobrain.com.mk\/wp-content\/uploads\/2018\/10\/brainobrain_alb796-400x204.jpg 400w, https:\/\/brainobrain.com.mk\/wp-content\/uploads\/2018\/10\/brainobrain_alb796-600x307.jpg 600w, https:\/\/brainobrain.com.mk\/wp-content\/uploads\/2018\/10\/brainobrain_alb796-800x409.jpg 800w, https:\/\/brainobrain.com.mk\/wp-content\/uploads\/2018\/10\/brainobrain_alb796.jpg 1143w\" sizes=\"(max-width: 1130px) 100vw, 1143px\" \/><\/span><div class=\"fusion-clearfix\"><\/div><\/div><\/div><\/div><\/div><div class=\"fusion-fullwidth fullwidth-box fusion-builder-row-3 nonhundred-percent-fullwidth non-hundred-percent-height-scrolling\" style=\"background-color: rgba(255,255,255,0);background-position: center center;background-repeat: no-repeat;padding-top:0px;padding-right:0px;padding-bottom:0px;padding-left:0px;margin-bottom: 0px;margin-top: 0px;border-width: 0px 0px 0px 0px;border-color:#eae9e9;border-style:solid;\" ><div class=\"fusion-builder-row fusion-row\"><div class=\"fusion-layout-column fusion_builder_column fusion-builder-column-2 fusion_builder_column_1_1 1_1 fusion-one-full fusion-column-first fusion-column-last\" style=\"margin-top:0px;margin-bottom:50px;\"><div class=\"fusion-column-wrapper fusion-flex-column-wrapper-legacy\" style=\"background-position:left top;background-repeat:no-repeat;-webkit-background-size:cover;-moz-background-size:cover;-o-background-size:cover;background-size:cover;padding: 0px 0px 0px 0px;\"><div class=\"fusion-text fusion-text-2\" style=\"transform:translate3d(0,0,0);\"><h1>Programi yn\u00eb themelohet mbi kombinimin e tri metodave moderne:<\/h1>\n<\/div><div class=\"fusion-text fusion-text-3\" style=\"transform:translate3d(0,0,0);\"><h1><strong>Metoda e Abakusit<\/strong><\/h1>\n<h3><strong>Vizualizimi <\/strong><\/h3>\n<p>F\u00ebmij\u00ebt m\u00ebsohen si ta vizualizojn\u00eb Abakusin, k\u00ebshtu q\u00eb ai nuk u nevojitet m\u00eb fizikisht \u2013 f\u00ebmij\u00ebt krijojn\u00eb shabllon imagjinativ n\u00eb kok\u00ebn e tyre dhe var\u00ebsisht prej nivelit t\u00eb cilin e ndjekin dhe sa rregullisht i b\u00ebjn\u00eb ushtrimet, ata mund t\u00eb vizualizojn\u00eb deri n\u00eb 10 Abakus\u00eb n\u00eb t\u00eb nj\u00ebjt\u00ebn koh\u00eb, q\u00eb do t\u00eb thot\u00eb se mund t\u00eb kryejn\u00eb 10 operacione t\u00eb ndryshme matematike n\u00eb t\u00eb nj\u00ebjt\u00ebn koh\u00eb, qoft\u00eb kjo \u00ebsht\u00eb mbledhja, zbritja, pjes\u00ebtimi, shum\u00ebzimi, numrat decimal etj. Zhvillimi i k\u00ebtyre aft\u00ebsive (multitasking) n\u00eb mosh\u00ebn e p\u00ebrshtatshme t\u00eb f\u00ebmij\u00ebs ia b\u00ebn jet\u00ebn m\u00eb t\u00eb leht\u00eb dhe e p\u00ebrgatit n\u00eb m\u00ebnyr\u00eb m\u00eb kualitativ p\u00ebr sfidat m\u00eb t\u00eb komplikuara n\u00eb t\u00eb ardhmen.<\/p>\n<\/div><div class=\"fusion-clearfix\"><\/div><\/div><\/div><div class=\"fusion-layout-column fusion_builder_column fusion-builder-column-3 fusion_builder_column_1_2 1_2 fusion-one-half fusion-column-first\" style=\"width:48%; margin-right: 4%;margin-top:0px;margin-bottom:50px;\"><div class=\"fusion-column-wrapper fusion-flex-column-wrapper-legacy\" style=\"background-position:left top;background-repeat:no-repeat;-webkit-background-size:cover;-moz-background-size:cover;-o-background-size:cover;background-size:cover;padding: 0px 0px 0px 0px;\"><div class=\"fusion-column-content-centered\"><div class=\"fusion-column-content\"><div class=\"imageframe-align-center\"><span class=\" fusion-imageframe imageframe-none imageframe-2 hover-type-none\"><img decoding=\"async\" width=\"350\" height=\"232\" title=\"abacus-small\" src=\"http:\/\/brainobrain.com.mk\/wp-content\/uploads\/2018\/08\/abacus-small.jpg\" class=\"img-responsive wp-image-1445\" srcset=\"https:\/\/brainobrain.com.mk\/wp-content\/uploads\/2018\/08\/abacus-small-200x133.jpg 200w, https:\/\/brainobrain.com.mk\/wp-content\/uploads\/2018\/08\/abacus-small.jpg 350w\" sizes=\"(max-width: 1130px) 100vw, 350px\" \/><\/span><\/div><\/div><\/div><div class=\"fusion-clearfix\"><\/div><\/div><\/div><div class=\"fusion-layout-column fusion_builder_column fusion-builder-column-4 fusion_builder_column_1_1 1_1 fusion-one-full fusion-column-last\" style=\"margin-top:0px;margin-bottom:50px;\"><div class=\"fusion-column-wrapper fusion-flex-column-wrapper-legacy\" style=\"background-position:left top;background-repeat:no-repeat;-webkit-background-size:cover;-moz-background-size:cover;-o-background-size:cover;background-size:cover;padding: 0px 0px 0px 0px;\"><div class=\"fusion-text fusion-text-4\" style=\"transform:translate3d(0,0,0);\"><h1><strong>NLP-ja<\/strong><\/h1>\n<\/div><div class=\"fusion-text fusion-text-5\" style=\"transform:translate3d(0,0,0);\"><h1><\/h1>\n<p>Programimi neuro-linguistik (NLP-ja) \u00ebsht\u00eb nj\u00eb prej shpikjeve m\u00eb t\u00eb m\u00ebdha n\u00eb fush\u00ebn e teknologjive dhe realizimit t\u00eb p\u00ebrsosm\u00ebris\u00eb s\u00eb njeriut.<\/p>\n<p>NLP-ja siguron kuptimin e asaj se si ne mendojm\u00eb dhe veprojm\u00eb, q\u00eb t\u00eb na ndihmoj\u00eb t\u00eb m\u00ebsohemi dhe t\u00eb b\u00ebjm\u00eb ndryshime p\u00ebrkat\u00ebse.<\/p>\n<p>N\u00eb baz\u00ebn e NLP-s\u00eb \u00ebsht\u00eb vendosur nj\u00eb spekt\u00ebr i gjer\u00eb i metodave dhe modeleve t\u00eb cilat ofrojn\u00eb zhvillim fleksibil, q\u00eb sjell ndryshime t\u00eb dukshme dhe t\u00eb shpejta te personat q\u00eb e praktikojn\u00eb dhe u lejon q\u00eb t\u00eb adaptohen ndaj bot\u00ebs s\u00eb ndryshueshme.<\/p>\n<\/div><div class=\"fusion-clearfix\"><\/div><\/div><\/div><div class=\"fusion-layout-column fusion_builder_column fusion-builder-column-5 fusion_builder_column_1_2 1_2 fusion-one-half fusion-column-first\" style=\"width:48%; margin-right: 4%;margin-top:0px;margin-bottom:50px;\"><div class=\"fusion-column-wrapper fusion-flex-column-wrapper-legacy\" style=\"background-position:left top;background-repeat:no-repeat;-webkit-background-size:cover;-moz-background-size:cover;-o-background-size:cover;background-size:cover;padding: 0px 0px 0px 0px;\"><div class=\"imageframe-align-center\"><span class=\" fusion-imageframe imageframe-none imageframe-3 hover-type-none\"><img decoding=\"async\" width=\"350\" height=\"233\" title=\"nlp-small\" src=\"http:\/\/brainobrain.com.mk\/wp-content\/uploads\/2018\/08\/nlp-small.jpg\" class=\"img-responsive wp-image-1447\" srcset=\"https:\/\/brainobrain.com.mk\/wp-content\/uploads\/2018\/08\/nlp-small-200x133.jpg 200w, https:\/\/brainobrain.com.mk\/wp-content\/uploads\/2018\/08\/nlp-small.jpg 350w\" sizes=\"(max-width: 1130px) 100vw, 350px\" \/><\/span><\/div><div class=\"fusion-clearfix\"><\/div><\/div><\/div><div class=\"fusion-layout-column fusion_builder_column fusion-builder-column-6 fusion_builder_column_1_1 1_1 fusion-one-full fusion-column-last\" style=\"margin-top:0px;margin-bottom:50px;\"><div class=\"fusion-column-wrapper fusion-flex-column-wrapper-legacy\" style=\"background-position:left top;background-repeat:no-repeat;-webkit-background-size:cover;-moz-background-size:cover;-o-background-size:cover;background-size:cover;padding: 0px 0px 0px 0px;\"><div class=\"fusion-text fusion-text-6\" style=\"transform:translate3d(0,0,0);\"><h1><strong>VAK Metoda<\/strong><\/h1>\n<\/div><div class=\"fusion-text fusion-text-7\" style=\"transform:translate3d(0,0,0);\"><p>N\u00eb p\u00ebrgjith\u00ebsi \u00ebsht\u00eb pranuar se t\u00eb gjith\u00eb ne kemi nj\u00eb stil t\u00eb preferuar t\u00eb m\u00ebsimit. Disa prej nesh m\u00ebsojn\u00eb duke shikuar (n\u00eb m\u00ebnyr\u00eb vizuale), t\u00eb tjer\u00ebt duke d\u00ebgjuar (audio), nd\u00ebrsa persona t\u00eb tret\u00eb duke ndjer\u00eb (n\u00eb m\u00ebnyr\u00eb kinestetike).<\/p>\n<p>Ushtrimi optimal dhe p\u00ebrmir\u00ebsimi i memories arrihet kur dy ose m\u00eb shum\u00eb prej k\u00ebtyre metodave do t\u00eb shfryt\u00ebzohen n\u00eb nj\u00eb moment t\u00eb caktuar.<\/p>\n<p>Studimet m\u00eb t\u00eb reja tregojn\u00eb se n\u00ebse f\u00ebmij\u00ebt nj\u00ebkoh\u00ebsisht e marrin dhe mbajn\u00eb mend informat\u00ebn p\u00ebrmes VAK shqisat, m\u00ebsimi dhe kujtimi i tyre n\u00eb trurin e tyre \u00ebsht\u00eb n\u00eb nivel m\u00eb t\u00eb lart\u00eb dhe m\u00eb t\u00eb shpejt\u00eb dhe arrihet deri te aktiviteti i plot\u00eb t\u00eb trurit. Prandaj BRAINOBRAIN i p\u00ebrdor tri teknikat n\u00eb m\u00ebnyr\u00eb unikate dhe inovative, duke i kombinuar nj\u00ebkoh\u00ebsisht me metoda t\u00eb tjera, me q\u00ebllim q\u00eb t\u00eb rritet kapaciteti i memories deri n\u00eb gjenialitet.<\/p>\n<\/div><div class=\"fusion-clearfix\"><\/div><\/div><\/div><div class=\"fusion-layout-column fusion_builder_column fusion-builder-column-7 fusion_builder_column_1_2 1_2 fusion-one-half fusion-column-first\" style=\"width:50%;width:calc(50% - ( ( 4% ) * 0.5 ) );margin-right: 4%;margin-top:0px;margin-bottom:50px;\"><div class=\"fusion-column-wrapper fusion-flex-column-wrapper-legacy\" style=\"background-position:left top;background-repeat:no-repeat;-webkit-background-size:cover;-moz-background-size:cover;-o-background-size:cover;background-size:cover;padding: 0px 0px 0px 0px;\"><div class=\"imageframe-align-center\"><span class=\" fusion-imageframe imageframe-none imageframe-4 hover-type-none\"><img decoding=\"async\" width=\"350\" height=\"250\" title=\"vak-small\" src=\"http:\/\/brainobrain.com.mk\/wp-content\/uploads\/2018\/08\/vak-small.jpg\" class=\"img-responsive wp-image-1448\" srcset=\"https:\/\/brainobrain.com.mk\/wp-content\/uploads\/2018\/08\/vak-small-200x143.jpg 200w, https:\/\/brainobrain.com.mk\/wp-content\/uploads\/2018\/08\/vak-small.jpg 350w\" sizes=\"(max-width: 1130px) 100vw, 350px\" \/><\/span><\/div><div class=\"fusion-clearfix\"><\/div><\/div><\/div><\/div><\/div><div class=\"fusion-fullwidth fullwidth-box fusion-builder-row-4 nonhundred-percent-fullwidth non-hundred-percent-height-scrolling\" style=\"background-color: #3cc083;background-position: center center;background-repeat: no-repeat;padding-top:0px;padding-right:0px;padding-bottom:0px;padding-left:0px;margin-bottom: 0px;margin-top: 0px;border-width: 0px 0px 0px 0px;border-color:#eae9e9;border-style:solid;\" ><div class=\"fusion-builder-row fusion-row\"><\/div><\/div><div class=\"fusion-fullwidth fullwidth-box fusion-builder-row-5 nonhundred-percent-fullwidth non-hundred-percent-height-scrolling\" style=\"background-color: #3cc083;background-position: center center;background-repeat: no-repeat;padding-top:0px;padding-right:0px;padding-bottom:0px;padding-left:0px;margin-bottom: 0px;margin-top: 0px;border-width: 0px 0px 0px 0px;border-color:#eae9e9;border-style:solid;\" ><div class=\"fusion-builder-row fusion-row\"><div class=\"fusion-layout-column fusion_builder_column fusion-builder-column-8 fusion_builder_column_1_1 1_1 fusion-one-full fusion-column-first fusion-column-last\" style=\"margin-top:0px;margin-bottom:50px;\"><div class=\"fusion-column-wrapper fusion-flex-column-wrapper-legacy\" style=\"background-position:left top;background-repeat:no-repeat;-webkit-background-size:cover;-moz-background-size:cover;-o-background-size:cover;background-size:cover;padding: 0px 0px 0px 0px;\"><div class=\"fusion-text fusion-text-8\" style=\"transform:translate3d(0,0,0);\"><h1 style=\"text-align: center;\"><span style=\"color: #ffffff;\">Qendrat<\/span><\/h1>\n<div class=\"centri\">\n<div class=\"centar\" style=\"text-align: center;\"><\/div>\n<\/div>\n<\/div><style type=\"text\/css\">.fusion-accordian  #accordion-1272-1 .panel-title a .fa-fusion-box{ color: #ffffff;}.fusion-accordian  #accordion-1272-1 .panel-title a .fa-fusion-box:before{ font-size: 13px; width: 13px;}.fusion-accordian  #accordion-1272-1 .panel-title a{font-size:15px;}.fusion-accordian  #accordion-1272-1 .fa-fusion-box { background-color: #333333;border-color: #333333;}.fusion-accordian  #accordion-1272-1 .panel-title a:hover, #accordion-1272-1 .fusion-toggle-boxed-mode:hover .panel-title a { color: #3661b0;}.fusion-accordian  #accordion-1272-1 .panel-title .active .fa-fusion-box,.fusion-accordian  #accordion-1272-1 .panel-title a:hover .fa-fusion-box { background-color: #3661b0!important;border-color: #3661b0!important;}<\/style><div class=\"accordian fusion-accordian\"><div class=\"panel-group\" id=\"accordion-1272-1\" role=\"tablist\"><div class=\"fusion-panel panel-default\" role=\"tabpanel\"><div class=\"panel-heading\"><h4 class=\"panel-title toggle\"><a aria-expanded=\"false\" aria-selected=\"false\" aria-controls=\"a7014b4d54c9fa4c5\" role=\"tab\" data-toggle=\"collapse\" data-parent=\"#accordion-1272-1\" data-target=\"#a7014b4d54c9fa4c5\" href=\"#a7014b4d54c9fa4c5\"><span class=\"fusion-toggle-icon-wrapper\" aria-hidden=\"true\"><i class=\"fa-fusion-box\" aria-hidden=\"true\"><\/i><\/span><span class=\"fusion-toggle-heading\">Shkupi<\/span><\/a><\/h4><\/div><div id=\"a7014b4d54c9fa4c5\" class=\"panel-collapse collapse \"><div class=\"panel-body toggle-content fusion-clearfix\">\n<p><img decoding=\"async\" class=\"alignnone size-full wp-image-2634\" src=\"https:\/\/brainobrain.com.mk\/wp-content\/uploads\/2022\/08\/centrinoviskopje-AL-2022-2.png\" alt=\"\" width=\"840\" height=\"119\" srcset=\"https:\/\/brainobrain.com.mk\/wp-content\/uploads\/2022\/08\/centrinoviskopje-AL-2022-2-200x28.png 200w, https:\/\/brainobrain.com.mk\/wp-content\/uploads\/2022\/08\/centrinoviskopje-AL-2022-2-300x43.png 300w, https:\/\/brainobrain.com.mk\/wp-content\/uploads\/2022\/08\/centrinoviskopje-AL-2022-2-400x57.png 400w, https:\/\/brainobrain.com.mk\/wp-content\/uploads\/2022\/08\/centrinoviskopje-AL-2022-2-600x85.png 600w, https:\/\/brainobrain.com.mk\/wp-content\/uploads\/2022\/08\/centrinoviskopje-AL-2022-2-768x109.png 768w, https:\/\/brainobrain.com.mk\/wp-content\/uploads\/2022\/08\/centrinoviskopje-AL-2022-2-800x113.png 800w, https:\/\/brainobrain.com.mk\/wp-content\/uploads\/2022\/08\/centrinoviskopje-AL-2022-2.png 840w\" sizes=\"(max-width: 840px) 100vw, 840px\" \/><\/p>\n<\/div><\/div><\/div><div class=\"fusion-panel panel-default\" role=\"tabpanel\"><div class=\"panel-heading\"><h4 class=\"panel-title toggle\"><a aria-expanded=\"false\" aria-selected=\"false\" aria-controls=\"6a9ae1e76ffc7300e\" role=\"tab\" data-toggle=\"collapse\" data-parent=\"#accordion-1272-1\" data-target=\"#6a9ae1e76ffc7300e\" href=\"#6a9ae1e76ffc7300e\"><span class=\"fusion-toggle-icon-wrapper\" aria-hidden=\"true\"><i class=\"fa-fusion-box\" aria-hidden=\"true\"><\/i><\/span><span class=\"fusion-toggle-heading\">Qytetet e tjera<\/span><\/a><\/h4><\/div><div id=\"6a9ae1e76ffc7300e\" class=\"panel-collapse collapse \"><div class=\"panel-body toggle-content fusion-clearfix\">\n<p><img decoding=\"async\" class=\"alignnone size-full wp-image-2610\" src=\"https:\/\/brainobrain.com.mk\/wp-content\/uploads\/2022\/08\/centrigradovi-AL-2022.png\" alt=\"\" width=\"844\" height=\"417\" srcset=\"https:\/\/brainobrain.com.mk\/wp-content\/uploads\/2022\/08\/centrigradovi-AL-2022-200x99.png 200w, https:\/\/brainobrain.com.mk\/wp-content\/uploads\/2022\/08\/centrigradovi-AL-2022-300x148.png 300w, https:\/\/brainobrain.com.mk\/wp-content\/uploads\/2022\/08\/centrigradovi-AL-2022-400x198.png 400w, https:\/\/brainobrain.com.mk\/wp-content\/uploads\/2022\/08\/centrigradovi-AL-2022-600x296.png 600w, https:\/\/brainobrain.com.mk\/wp-content\/uploads\/2022\/08\/centrigradovi-AL-2022-768x379.png 768w, https:\/\/brainobrain.com.mk\/wp-content\/uploads\/2022\/08\/centrigradovi-AL-2022-800x395.png 800w, https:\/\/brainobrain.com.mk\/wp-content\/uploads\/2022\/08\/centrigradovi-AL-2022.png 844w\" sizes=\"(max-width: 844px) 100vw, 844px\" \/><\/p>\n<\/div><\/div><\/div><\/div><\/div><div class=\"fusion-clearfix\"><\/div><\/div><\/div><\/div><\/div><\/p>\n","protected":false},"excerpt":{"rendered":"","protected":false},"author":1,"featured_media":0,"parent":0,"menu_order":0,"comment_status":"closed","ping_status":"closed","template":"","meta":{"footnotes":""},"class_list":["post-1272","page","type-page","status-publish","hentry"],"_links":{"self":[{"href":"https:\/\/brainobrain.com.mk\/sq\/wp-json\/wp\/v2\/pages\/1272","targetHints":{"allow":["GET"]}}],"collection":[{"href":"https:\/\/brainobrain.com.mk\/sq\/wp-json\/wp\/v2\/pages"}],"about":[{"href":"https:\/\/brainobrain.com.mk\/sq\/wp-json\/wp\/v2\/types\/page"}],"author":[{"embeddable":true,"href":"https:\/\/brainobrain.com.mk\/sq\/wp-json\/wp\/v2\/users\/1"}],"replies":[{"embeddable":true,"href":"https:\/\/brainobrain.com.mk\/sq\/wp-json\/wp\/v2\/comments?post=1272"}],"version-history":[{"count":5,"href":"https:\/\/brainobrain.com.mk\/sq\/wp-json\/wp\/v2\/pages\/1272\/revisions"}],"predecessor-version":[{"id":2936,"href":"https:\/\/brainobrain.com.mk\/sq\/wp-json\/wp\/v2\/pages\/1272\/revisions\/2936"}],"wp:attachment":[{"href":"https:\/\/brainobrain.com.mk\/sq\/wp-json\/wp\/v2\/media?parent=1272"}],"curies":[{"name":"wp","href":"https:\/\/api.w.org\/{rel}","templated":true}]}}