{"id":14,"date":"2016-06-23T09:19:30","date_gmt":"2016-06-23T09:19:30","guid":{"rendered":"http:\/\/test.mk\/brainobrain\/?page_id=14"},"modified":"2025-09-05T06:25:07","modified_gmt":"2025-09-05T06:25:07","slug":"latest-news","status":"publish","type":"page","link":"https:\/\/brainobrain.com.mk\/sq\/latest-news\/","title":{"rendered":"KARIERA"},"content":{"rendered":"<p><div class=\"fusion-fullwidth fullwidth-box fusion-builder-row-1 fusion-parallax-none nonhundred-percent-fullwidth non-hundred-percent-height-scrolling\" style=\"background-color: rgba(255,255,255,0);background-image: url(&quot;http:\/\/avada.theme-fusion.com\/daycare\/wp-content\/uploads\/sites\/63\/2016\/06\/resources_banner.jpg&quot;);background-position: center center;background-repeat: no-repeat;padding-top:200px;padding-right:0px;padding-bottom:200px;padding-left:0px;margin-bottom: 0px;margin-top: 0px;border-width: 0px 0px 0px 0px;border-color:#eae9e9;border-style:solid;-webkit-background-size:cover;-moz-background-size:cover;-o-background-size:cover;background-size:cover;\" ><div class=\"fusion-builder-row fusion-row\"><\/div><\/div><div class=\"fusion-fullwidth fullwidth-box fusion-builder-row-2 nonhundred-percent-fullwidth non-hundred-percent-height-scrolling\" style=\"background-color: rgba(255,255,255,0);background-position: left top;background-repeat: no-repeat;padding-top:80px;padding-right:0px;padding-bottom:100px;padding-left:0px;margin-bottom: 0px;margin-top: 0px;border-width: 0px 0px 0px 0px;border-color:#eae9e9;border-style:solid;\" ><div class=\"fusion-builder-row fusion-row\"><div class=\"fusion-layout-column fusion_builder_column fusion-builder-column-0 fusion_builder_column_1_1 1_1 fusion-one-full fusion-column-first fusion-column-last\" style=\"margin-top:0px;margin-bottom:50px;\"><div class=\"fusion-column-wrapper fusion-flex-column-wrapper-legacy\" style=\"background-position:left top;background-repeat:no-repeat;-webkit-background-size:cover;-moz-background-size:cover;-o-background-size:cover;background-size:cover;padding: 0px 0px 0px 0px;\"><div class=\"fusion-text fusion-text-1\" style=\"transform:translate3d(0,0,0);\"><h2><strong>KARIERA<\/strong><\/h2>\n<\/div><div class=\"fusion-text fusion-text-2\" style=\"transform:translate3d(0,0,0);\"><p>Brainobrain i fton t\u00eb gjith\u00eb t\u00eb interesuarit q\u00eb t\u00eb punojn\u00eb n\u00eb Brainonrain si trajner\u00eb.<\/p>\n<p>\u00c7far\u00eb presim prej Jush?<\/p>\n<ul>\n<li>Arsim i lart\u00eb, i p\u00ebrshtatsh\u00ebm p\u00ebr pozit\u00ebn<\/li>\n<li>D\u00ebshir\u00eb dhe motivacion p\u00ebr pun\u00eb me f\u00ebmij\u00eb<\/li>\n<li>Njohja e mir\u00eb t\u00eb gjuh\u00ebs angleze<\/li>\n<li>Aft\u00ebsia p\u00ebr pun\u00eb n\u00eb ekip dhe iniciativa<\/li>\n<li>Aft\u00ebsit\u00eb mir\u00eb t\u00eb zhvilluara t\u00eb komunikimit<\/li>\n<li>Korrekt\u00ebsia, p\u00ebrgjegj\u00ebsia dhe sakt\u00ebsia<\/li>\n<\/ul>\n<\/div><div class=\"fusion-clearfix\"><\/div><\/div><\/div><\/div><\/div><div class=\"fusion-fullwidth fullwidth-box fusion-builder-row-3 nonhundred-percent-fullwidth non-hundred-percent-height-scrolling fusion-equal-height-columns\" style=\"background-color: #26c281;background-position: left top;background-repeat: no-repeat;padding-top:55px;padding-right:0px;padding-bottom:0px;padding-left:0px;margin-bottom: 0px;margin-top: 0px;border-width: 0px 0px 0px 0px;border-color:#eae9e9;border-style:solid;\" ><div class=\"fusion-builder-row fusion-row\"><div class=\"fusion-layout-column fusion_builder_column fusion-builder-column-1 fusion_builder_column_1_1 1_1 fusion-one-full fusion-column-first fusion-column-last\" style=\"margin-top:0px;margin-bottom:10px;\"><div class=\"fusion-column-wrapper fusion-flex-column-wrapper-legacy\" style=\"background-position:left top;background-repeat:no-repeat;-webkit-background-size:cover;-moz-background-size:cover;-o-background-size:cover;background-size:cover;padding: 0px 0px 0px 0px;\"><div class=\"fusion-column-content-centered\"><div class=\"fusion-column-content\"><div class=\"fusion-text fusion-text-3\" style=\"transform:translate3d(0,0,0);\"><h2 style=\"text-align: center;\"><span style=\"color: #ffffff;\"><strong>Regjistroni m\u00eb t\u00eb dashurit Tuaj me NE q\u00eb prej sot!<\/strong><\/span><\/h2>\n<\/div><\/div><\/div><div class=\"fusion-clearfix\"><\/div><\/div><\/div><div class=\"fusion-layout-column fusion_builder_column fusion-builder-column-2 fusion_builder_column_1_1 1_1 fusion-one-full fusion-column-first fusion-column-last fusion-column-no-min-height\" style=\"margin-top:0px;margin-bottom:0px;\"><div class=\"fusion-column-wrapper fusion-flex-column-wrapper-legacy\" style=\"background-position:left top;background-repeat:no-repeat;-webkit-background-size:cover;-moz-background-size:cover;-o-background-size:cover;background-size:cover;padding: 0px 0px 0px 0px;\"><div class=\"fusion-sep-clear\"><\/div><div class=\"fusion-separator fusion-full-width-sep\" style=\"margin-left: auto;margin-right: auto;margin-top:-25px;width:100%;\"><\/div><div class=\"fusion-sep-clear\"><\/div><div class=\"fusion-section-separator section-separator clouds fusion-section-separator-1\"><div class=\"fusion-section-separator-svg\" style=\"padding:0;margin-left: 0px;margin-right: 0px;\"><svg class=\"fusion-clouds-candy\" xmlns=\"http:\/\/www.w3.org\/2000\/svg\" version=\"1.1\" width=\"100%\" height=\"100\" viewBox=\"0 0 100 100\" preserveAspectRatio=\"none\" style=\"fill:#3b539b;padding:0;\"><path d=\"M-5 100 Q 0 20 5 100 Z\"><\/path>\n\t\t\t\t\t\t\t\t<path d=\"M0 100 Q 5 0 10 100\"><\/path>\n\t\t\t\t\t\t\t\t<path d=\"M5 100 Q 10 30 15 100\"><\/path>\n\t\t\t\t\t\t\t\t<path d=\"M10 100 Q 15 10 20 100\"><\/path>\n\t\t\t\t\t\t\t\t<path d=\"M15 100 Q 20 30 25 100\"><\/path>\n\t\t\t\t\t\t\t\t<path d=\"M20 100 Q 25 -10 30 100\"><\/path>\n\t\t\t\t\t\t\t\t<path d=\"M25 100 Q 30 10 35 100\"><\/path>\n\t\t\t\t\t\t\t\t<path d=\"M30 100 Q 35 30 40 100\"><\/path>\n\t\t\t\t\t\t\t\t<path d=\"M35 100 Q 40 10 45 100\"><\/path>\n\t\t\t\t\t\t\t\t<path d=\"M40 100 Q 45 50 50 100\"><\/path>\n\t\t\t\t\t\t\t\t<path d=\"M45 100 Q 50 20 55 100\"><\/path>\n\t\t\t\t\t\t\t\t<path d=\"M50 100 Q 55 40 60 100\"><\/path>\n\t\t\t\t\t\t\t\t<path d=\"M55 100 Q 60 60 65 100\"><\/path>\n\t\t\t\t\t\t\t\t<path d=\"M60 100 Q 65 50 70 100\"><\/path>\n\t\t\t\t\t\t\t\t<path d=\"M65 100 Q 70 20 75 100\"><\/path>\n\t\t\t\t\t\t\t\t<path d=\"M70 100 Q 75 45 80 100\"><\/path>\n\t\t\t\t\t\t\t\t<path d=\"M75 100 Q 80 30 85 100\"><\/path>\n\t\t\t\t\t\t\t\t<path d=\"M80 100 Q 85 20 90 100\"><\/path>\n\t\t\t\t\t\t\t\t<path d=\"M85 100 Q 90 50 95 100\"><\/path>\n\t\t\t\t\t\t\t\t<path d=\"M90 100 Q 95 25 100 100\"><\/path>\n\t\t\t\t\t\t\t\t<path d=\"M95 100 Q 100 15 105 100 Z\"><\/path><\/svg><\/div><div class=\"fusion-section-separator-spacer\"><div class=\"fusion-section-separator-spacer-height\" style=\"height:99px;\"><\/div><\/div><\/div><div class=\"fusion-clearfix\"><\/div><\/div><\/div><\/div><\/div><div class=\"fusion-fullwidth fullwidth-box fusion-builder-row-4 nonhundred-percent-fullwidth non-hundred-percent-height-scrolling\" style=\"background-color: #3cc083;background-position: center center;background-repeat: no-repeat;padding-top:0px;padding-right:0px;padding-bottom:0px;padding-left:0px;margin-bottom: 0px;margin-top: 0px;border-width: 0px 0px 0px 0px;border-color:#eae9e9;border-style:solid;\" ><div class=\"fusion-builder-row fusion-row\"><\/div><\/div><div class=\"fusion-fullwidth fullwidth-box fusion-builder-row-5 nonhundred-percent-fullwidth non-hundred-percent-height-scrolling\" style=\"background-color: #3cc083;background-position: center center;background-repeat: no-repeat;padding-top:0px;padding-right:0px;padding-bottom:0px;padding-left:0px;margin-bottom: 0px;margin-top: 0px;border-width: 0px 0px 0px 0px;border-color:#eae9e9;border-style:solid;\" ><div class=\"fusion-builder-row fusion-row\"><div class=\"fusion-layout-column fusion_builder_column fusion-builder-column-3 fusion_builder_column_1_1 1_1 fusion-one-full fusion-column-first fusion-column-last\" style=\"margin-top:0px;margin-bottom:50px;\"><div class=\"fusion-column-wrapper fusion-flex-column-wrapper-legacy\" style=\"background-position:left top;background-repeat:no-repeat;-webkit-background-size:cover;-moz-background-size:cover;-o-background-size:cover;background-size:cover;padding: 0px 0px 0px 0px;\"><div class=\"fusion-text fusion-text-4\" style=\"transform:translate3d(0,0,0);\"><h1 style=\"text-align: center;\"><span style=\"color: #ffffff;\">Qendrat<\/span><\/h1>\n<div class=\"centri\">\n<div class=\"centar\" style=\"text-align: center;\"><\/div>\n<\/div>\n<\/div><style type=\"text\/css\">.fusion-accordian  #accordion-14-1 .panel-title a .fa-fusion-box{ color: #ffffff;}.fusion-accordian  #accordion-14-1 .panel-title a .fa-fusion-box:before{ font-size: 13px; width: 13px;}.fusion-accordian  #accordion-14-1 .panel-title a{font-size:15px;}.fusion-accordian  #accordion-14-1 .fa-fusion-box { background-color: #333333;border-color: #333333;}.fusion-accordian  #accordion-14-1 .panel-title a:hover, #accordion-14-1 .fusion-toggle-boxed-mode:hover .panel-title a { color: #3661b0;}.fusion-accordian  #accordion-14-1 .panel-title .active .fa-fusion-box,.fusion-accordian  #accordion-14-1 .panel-title a:hover .fa-fusion-box { background-color: #3661b0!important;border-color: #3661b0!important;}<\/style><div class=\"accordian fusion-accordian\"><div class=\"panel-group\" id=\"accordion-14-1\" role=\"tablist\"><div class=\"fusion-panel panel-default\" role=\"tabpanel\"><div class=\"panel-heading\"><h4 class=\"panel-title toggle\"><a aria-expanded=\"false\" aria-selected=\"false\" aria-controls=\"5fafbf17ce9873f05\" role=\"tab\" data-toggle=\"collapse\" data-parent=\"#accordion-14-1\" data-target=\"#5fafbf17ce9873f05\" href=\"#5fafbf17ce9873f05\"><span class=\"fusion-toggle-icon-wrapper\" aria-hidden=\"true\"><i class=\"fa-fusion-box\" aria-hidden=\"true\"><\/i><\/span><span class=\"fusion-toggle-heading\">Shkupi<\/span><\/a><\/h4><\/div><div id=\"5fafbf17ce9873f05\" class=\"panel-collapse collapse \"><div class=\"panel-body toggle-content fusion-clearfix\">\n<p><img decoding=\"async\" class=\"alignnone size-full wp-image-2634\" src=\"https:\/\/brainobrain.com.mk\/wp-content\/uploads\/2022\/08\/centrinoviskopje-AL-2022-2.png\" alt=\"\" width=\"840\" height=\"119\" srcset=\"https:\/\/brainobrain.com.mk\/wp-content\/uploads\/2022\/08\/centrinoviskopje-AL-2022-2-200x28.png 200w, https:\/\/brainobrain.com.mk\/wp-content\/uploads\/2022\/08\/centrinoviskopje-AL-2022-2-300x43.png 300w, https:\/\/brainobrain.com.mk\/wp-content\/uploads\/2022\/08\/centrinoviskopje-AL-2022-2-400x57.png 400w, https:\/\/brainobrain.com.mk\/wp-content\/uploads\/2022\/08\/centrinoviskopje-AL-2022-2-600x85.png 600w, https:\/\/brainobrain.com.mk\/wp-content\/uploads\/2022\/08\/centrinoviskopje-AL-2022-2-768x109.png 768w, https:\/\/brainobrain.com.mk\/wp-content\/uploads\/2022\/08\/centrinoviskopje-AL-2022-2-800x113.png 800w, https:\/\/brainobrain.com.mk\/wp-content\/uploads\/2022\/08\/centrinoviskopje-AL-2022-2.png 840w\" sizes=\"(max-width: 840px) 100vw, 840px\" \/><\/p>\n<\/div><\/div><\/div><div class=\"fusion-panel panel-default\" role=\"tabpanel\"><div class=\"panel-heading\"><h4 class=\"panel-title toggle\"><a aria-expanded=\"false\" aria-selected=\"false\" aria-controls=\"5d17921b82fc83ed0\" role=\"tab\" data-toggle=\"collapse\" data-parent=\"#accordion-14-1\" data-target=\"#5d17921b82fc83ed0\" href=\"#5d17921b82fc83ed0\"><span class=\"fusion-toggle-icon-wrapper\" aria-hidden=\"true\"><i class=\"fa-fusion-box\" aria-hidden=\"true\"><\/i><\/span><span class=\"fusion-toggle-heading\">Qytetet e tjera<\/span><\/a><\/h4><\/div><div id=\"5d17921b82fc83ed0\" class=\"panel-collapse collapse \"><div class=\"panel-body toggle-content fusion-clearfix\">\n<p><img decoding=\"async\" class=\"alignnone size-full wp-image-2610\" src=\"https:\/\/brainobrain.com.mk\/wp-content\/uploads\/2022\/08\/centrigradovi-AL-2022.png\" alt=\"\" width=\"844\" height=\"417\" srcset=\"https:\/\/brainobrain.com.mk\/wp-content\/uploads\/2022\/08\/centrigradovi-AL-2022-200x99.png 200w, https:\/\/brainobrain.com.mk\/wp-content\/uploads\/2022\/08\/centrigradovi-AL-2022-300x148.png 300w, https:\/\/brainobrain.com.mk\/wp-content\/uploads\/2022\/08\/centrigradovi-AL-2022-400x198.png 400w, https:\/\/brainobrain.com.mk\/wp-content\/uploads\/2022\/08\/centrigradovi-AL-2022-600x296.png 600w, https:\/\/brainobrain.com.mk\/wp-content\/uploads\/2022\/08\/centrigradovi-AL-2022-768x379.png 768w, https:\/\/brainobrain.com.mk\/wp-content\/uploads\/2022\/08\/centrigradovi-AL-2022-800x395.png 800w, https:\/\/brainobrain.com.mk\/wp-content\/uploads\/2022\/08\/centrigradovi-AL-2022.png 844w\" sizes=\"(max-width: 844px) 100vw, 844px\" \/><\/p>\n<\/div><\/div><\/div><\/div><\/div><div class=\"fusion-clearfix\"><\/div><\/div><\/div><\/div><\/div><\/p>\n","protected":false},"excerpt":{"rendered":"","protected":false},"author":1,"featured_media":0,"parent":0,"menu_order":0,"comment_status":"closed","ping_status":"closed","template":"100-width.php","meta":{"footnotes":""},"class_list":["post-14","page","type-page","status-publish","hentry"],"_links":{"self":[{"href":"https:\/\/brainobrain.com.mk\/sq\/wp-json\/wp\/v2\/pages\/14","targetHints":{"allow":["GET"]}}],"collection":[{"href":"https:\/\/brainobrain.com.mk\/sq\/wp-json\/wp\/v2\/pages"}],"about":[{"href":"https:\/\/brainobrain.com.mk\/sq\/wp-json\/wp\/v2\/types\/page"}],"author":[{"embeddable":true,"href":"https:\/\/brainobrain.com.mk\/sq\/wp-json\/wp\/v2\/users\/1"}],"replies":[{"embeddable":true,"href":"https:\/\/brainobrain.com.mk\/sq\/wp-json\/wp\/v2\/comments?post=14"}],"version-history":[{"count":5,"href":"https:\/\/brainobrain.com.mk\/sq\/wp-json\/wp\/v2\/pages\/14\/revisions"}],"predecessor-version":[{"id":3155,"href":"https:\/\/brainobrain.com.mk\/sq\/wp-json\/wp\/v2\/pages\/14\/revisions\/3155"}],"wp:attachment":[{"href":"https:\/\/brainobrain.com.mk\/sq\/wp-json\/wp\/v2\/media?parent=14"}],"curies":[{"name":"wp","href":"https:\/\/api.w.org\/{rel}","templated":true}]}}